{"id":502,"date":"2025-01-30T17:02:33","date_gmt":"2025-01-30T16:02:33","guid":{"rendered":"https:\/\/www.fioscope.de\/tap-out-alerts\/"},"modified":"2025-04-14T08:45:40","modified_gmt":"2025-04-14T06:45:40","slug":"leckagen-alarm","status":"publish","type":"page","link":"https:\/\/www.fioscope.de\/de\/smarte-anwendungen\/leckagen-alarm\/","title":{"rendered":"Leckagen-Alarm"},"content":{"rendered":"[vc_row type=&#8220;full_width_background&#8220; full_screen_row_position=&#8220;middle&#8220; column_margin=&#8220;5px&#8220; column_direction=&#8220;default&#8220; column_direction_tablet=&#8220;default&#8220; column_direction_phone=&#8220;default&#8220; bg_color=&#8220;#003560&#8243; scene_position=&#8220;center&#8220; top_padding=&#8220;6%&#8220; constrain_group_1=&#8220;yes&#8220; bottom_padding=&#8220;6%&#8220; text_color=&#8220;light&#8220; text_align=&#8220;left&#8220; row_border_radius=&#8220;none&#8220; row_border_radius_applies=&#8220;bg&#8220; overflow=&#8220;visible&#8220; overlay_strength=&#8220;0.3&#8243; gradient_direction=&#8220;left_to_right&#8220; shape_divider_position=&#8220;bottom&#8220; bg_image_animation=&#8220;none&#8220; gradient_type=&#8220;default&#8220; shape_type=&#8220;&#8220;][vc_column column_padding=&#8220;no-extra-padding&#8220; column_padding_tablet=&#8220;inherit&#8220; column_padding_phone=&#8220;inherit&#8220; column_padding_position=&#8220;all&#8220; column_element_direction_desktop=&#8220;default&#8220; column_element_spacing=&#8220;default&#8220; desktop_text_alignment=&#8220;default&#8220; tablet_text_alignment=&#8220;default&#8220; phone_text_alignment=&#8220;default&#8220; background_color_opacity=&#8220;1&#8243; background_hover_color_opacity=&#8220;1&#8243; column_backdrop_filter=&#8220;none&#8220; column_shadow=&#8220;none&#8220; column_border_radius=&#8220;none&#8220; column_link_target=&#8220;_self&#8220; column_position=&#8220;default&#8220; gradient_direction=&#8220;left_to_right&#8220; overlay_strength=&#8220;0.3&#8243; width=&#8220;1\/1&#8243; tablet_width_inherit=&#8220;default&#8220; animation_type=&#8220;default&#8220; bg_image_animation=&#8220;none&#8220; border_type=&#8220;simple&#8220; column_border_width=&#8220;none&#8220; column_border_style=&#8220;solid&#8220;][vc_column_text css=&#8220;&#8220; text_direction=&#8220;default&#8220;]\n<h1>Leckagen-Alarm<\/h1>\n[\/vc_column_text][\/vc_column][\/vc_row][vc_row type=&#8220;in_container&#8220; full_screen_row_position=&#8220;middle&#8220; column_margin=&#8220;default&#8220; column_direction=&#8220;default&#8220; column_direction_tablet=&#8220;default&#8220; column_direction_phone=&#8220;default&#8220; scene_position=&#8220;center&#8220; top_padding=&#8220;6%&#8220; constrain_group_1=&#8220;yes&#8220; bottom_padding=&#8220;6%&#8220; text_color=&#8220;dark&#8220; text_align=&#8220;left&#8220; row_border_radius=&#8220;none&#8220; row_border_radius_applies=&#8220;bg&#8220; overflow=&#8220;visible&#8220; overlay_strength=&#8220;0.3&#8243; gradient_direction=&#8220;left_to_right&#8220; shape_divider_position=&#8220;bottom&#8220; bg_image_animation=&#8220;none&#8220; gradient_type=&#8220;default&#8220; shape_type=&#8220;&#8220;][vc_column column_padding=&#8220;no-extra-padding&#8220; column_padding_tablet=&#8220;inherit&#8220; column_padding_phone=&#8220;inherit&#8220; column_padding_position=&#8220;all&#8220; column_element_direction_desktop=&#8220;default&#8220; column_element_spacing=&#8220;default&#8220; desktop_text_alignment=&#8220;default&#8220; tablet_text_alignment=&#8220;default&#8220; phone_text_alignment=&#8220;default&#8220; background_color_opacity=&#8220;1&#8243; background_hover_color_opacity=&#8220;1&#8243; column_backdrop_filter=&#8220;none&#8220; column_shadow=&#8220;none&#8220; column_border_radius=&#8220;none&#8220; column_link_target=&#8220;_self&#8220; column_position=&#8220;default&#8220; gradient_direction=&#8220;left_to_right&#8220; overlay_strength=&#8220;0.3&#8243; width=&#8220;1\/1&#8243; tablet_width_inherit=&#8220;default&#8220; animation_type=&#8220;default&#8220; bg_image_animation=&#8220;none&#8220; border_type=&#8220;simple&#8220; column_border_width=&#8220;none&#8220; column_border_style=&#8220;solid&#8220;][vc_column_text css=&#8220;&#8220; text_direction=&#8220;default&#8220;]<span style=\"font-weight: 400;\">Fioscope Kameras sind mehr als nur leistungsstarke visuelle Hilfsmittel. Sie sind intelligente Systeme, die die Prozesskontrolle optimieren und das Personal bei der Arbeit unterst\u00fctzen sowie seine Arbeitsbedingungen verbessern.<\/span><\/p>\n<p>In Szenarien, in denen ein Schmelz- oder Halteofen mit fl\u00fcssigem Metall gef\u00fcllt ist, besteht das Risiko, dass die Abstich\u00f6ffnung besch\u00e4digt wird, was zu gef\u00e4hrlichen Leckagen oder Versch\u00fcttungen f\u00fchren kann. Bislang konnte der ungewollte Austritt des Metalls in der Regel nur zuf\u00e4llig bemerkt werden, etwa beim Vorbeigehen, doch jetzt k\u00f6nnen solche Leckagen fr\u00fchzeitig erkannt werden.\u00a0Mit den Fioscope-Kameras an Ihrer Seite werden unkontrollierte Materialaustritte nicht l\u00e4nger \u00fcbersehen. Dank des fortschrittlichen Alarms erkennt das System potenzielle Leckagen. Die Kameras senden proaktiv Benachrichtigungen an das Team und das Gie\u00dferei-Management \u2013 direkt aufs Handy oder ins Kontrollsystem. Eine sofortige \u00dcberpr\u00fcfung der Abstich\u00f6ffnung wird eingeleitet.<\/p>\n<p>Dank dieser Technologie k\u00f6nnen kostspielige Folgen wie abgebrochene Gie\u00dfvorg\u00e4nge und die damit verbundenen Ausfallzeiten vermieden werden. Aber vor allem sch\u00fctzt der Alarm die Menschen, die in der Gie\u00dferei arbeiten.[\/vc_column_text][image_with_animation image_url=&#8220;498&#8243; image_size=&#8220;full&#8220; animation_type=&#8220;entrance&#8220; animation=&#8220;None&#8220; animation_movement_type=&#8220;transform_y&#8220; hover_animation=&#8220;none&#8220; alignment=&#8220;&#8220; border_radius=&#8220;none&#8220; box_shadow=&#8220;none&#8220; image_loading=&#8220;default&#8220; max_width=&#8220;100%&#8220; max_width_mobile=&#8220;default&#8220;][\/vc_column][\/vc_row][vc_row type=&#8220;in_container&#8220; full_screen_row_position=&#8220;middle&#8220; column_margin=&#8220;default&#8220; column_direction=&#8220;default&#8220; column_direction_tablet=&#8220;default&#8220; column_direction_phone=&#8220;default&#8220; scene_position=&#8220;center&#8220; text_color=&#8220;dark&#8220; text_align=&#8220;left&#8220; row_border_radius=&#8220;none&#8220; row_border_radius_applies=&#8220;bg&#8220; overflow=&#8220;visible&#8220; overlay_strength=&#8220;0.3&#8243; gradient_direction=&#8220;left_to_right&#8220; shape_divider_position=&#8220;bottom&#8220; bg_image_animation=&#8220;none&#8220;][vc_column column_padding=&#8220;no-extra-padding&#8220; column_padding_tablet=&#8220;inherit&#8220; column_padding_phone=&#8220;inherit&#8220; column_padding_position=&#8220;all&#8220; column_element_direction_desktop=&#8220;default&#8220; column_element_spacing=&#8220;default&#8220; desktop_text_alignment=&#8220;default&#8220; tablet_text_alignment=&#8220;default&#8220; phone_text_alignment=&#8220;default&#8220; background_color_opacity=&#8220;1&#8243; background_hover_color_opacity=&#8220;1&#8243; column_backdrop_filter=&#8220;none&#8220; column_shadow=&#8220;none&#8220; column_border_radius=&#8220;none&#8220; column_link_target=&#8220;_self&#8220; column_position=&#8220;default&#8220; gradient_direction=&#8220;left_to_right&#8220; overlay_strength=&#8220;0.3&#8243; width=&#8220;1\/1&#8243; tablet_width_inherit=&#8220;default&#8220; animation_type=&#8220;default&#8220; bg_image_animation=&#8220;none&#8220; border_type=&#8220;simple&#8220; column_border_width=&#8220;none&#8220; column_border_style=&#8220;solid&#8220;][nectar_global_section id=&#8220;76&#8243;][\/vc_column][\/vc_row]\n","protected":false},"excerpt":{"rendered":"<p>[vc_row type=&#8220;full_width_background&#8220; full_screen_row_position=&#8220;middle&#8220; column_margin=&#8220;5px&#8220; column_direction=&#8220;default&#8220; column_direction_tablet=&#8220;default&#8220; column_direction_phone=&#8220;default&#8220; bg_color=&#8220;#003560&#8243; scene_position=&#8220;center&#8220; top_padding=&#8220;6%&#8220; constrain_group_1=&#8220;yes&#8220; bottom_padding=&#8220;6%&#8220; text_color=&#8220;light&#8220; text_align=&#8220;left&#8220; row_border_radius=&#8220;none&#8220; row_border_radius_applies=&#8220;bg&#8220; overflow=&#8220;visible&#8220; overlay_strength=&#8220;0.3&#8243; gradient_direction=&#8220;left_to_right&#8220; shape_divider_position=&#8220;bottom&#8220; bg_image_animation=&#8220;none&#8220; gradient_type=&#8220;default&#8220; shape_type=&#8220;&#8220;][vc_column column_padding=&#8220;no-extra-padding&#8220; column_padding_tablet=&#8220;inherit&#8220; column_padding_phone=&#8220;inherit&#8220; column_padding_position=&#8220;all&#8220; column_element_direction_desktop=&#8220;default&#8220; column_element_spacing=&#8220;default&#8220; desktop_text_alignment=&#8220;default&#8220;&#8230;<\/p>\n","protected":false},"author":3,"featured_media":0,"parent":514,"menu_order":0,"comment_status":"closed","ping_status":"closed","template":"","meta":{"inline_featured_image":false,"footnotes":""},"class_list":["post-502","page","type-page","status-publish"],"yoast_head":"<!-- This site is optimized with the Yoast SEO plugin v25.1 - https:\/\/yoast.com\/wordpress\/plugins\/seo\/ -->\n<title>Leckagen-Alarm - Fioscope GmbH<\/title>\n<meta name=\"robots\" content=\"index, follow, max-snippet:-1, max-image-preview:large, max-video-preview:-1\" \/>\n<link rel=\"canonical\" href=\"https:\/\/www.fioscope.de\/de\/smarte-anwendungen\/leckagen-alarm\/\" \/>\n<meta property=\"og:locale\" content=\"de_DE\" \/>\n<meta property=\"og:type\" content=\"article\" \/>\n<meta property=\"og:title\" content=\"Leckagen-Alarm - Fioscope GmbH\" \/>\n<meta property=\"og:description\" content=\"[vc_row type=&#8220;full_width_background&#8220; full_screen_row_position=&#8220;middle&#8220; column_margin=&#8220;5px&#8220; column_direction=&#8220;default&#8220; column_direction_tablet=&#8220;default&#8220; column_direction_phone=&#8220;default&#8220; bg_color=&#8220;#003560&#8243; scene_position=&#8220;center&#8220; top_padding=&#8220;6%&#8220; constrain_group_1=&#8220;yes&#8220; bottom_padding=&#8220;6%&#8220; text_color=&#8220;light&#8220; text_align=&#8220;left&#8220; row_border_radius=&#8220;none&#8220; row_border_radius_applies=&#8220;bg&#8220; overflow=&#8220;visible&#8220; overlay_strength=&#8220;0.3&#8243; gradient_direction=&#8220;left_to_right&#8220; shape_divider_position=&#8220;bottom&#8220; bg_image_animation=&#8220;none&#8220; gradient_type=&#8220;default&#8220; shape_type=&#8220;&#8220;][vc_column column_padding=&#8220;no-extra-padding&#8220; column_padding_tablet=&#8220;inherit&#8220; column_padding_phone=&#8220;inherit&#8220; column_padding_position=&#8220;all&#8220; column_element_direction_desktop=&#8220;default&#8220; column_element_spacing=&#8220;default&#8220; desktop_text_alignment=&#8220;default&#8220;...\" \/>\n<meta property=\"og:url\" content=\"https:\/\/www.fioscope.de\/de\/smarte-anwendungen\/leckagen-alarm\/\" \/>\n<meta property=\"og:site_name\" content=\"Fioscope GmbH\" \/>\n<meta property=\"article:modified_time\" content=\"2025-04-14T06:45:40+00:00\" \/>\n<meta name=\"twitter:card\" content=\"summary_large_image\" \/>\n<meta name=\"twitter:label1\" content=\"Gesch\u00e4tzte Lesezeit\" \/>\n\t<meta name=\"twitter:data1\" content=\"1\u00a0Minute\" \/>\n<script type=\"application\/ld+json\" class=\"yoast-schema-graph\">{\"@context\":\"https:\/\/schema.org\",\"@graph\":[{\"@type\":\"WebPage\",\"@id\":\"https:\/\/www.fioscope.de\/de\/smarte-anwendungen\/leckagen-alarm\/\",\"url\":\"https:\/\/www.fioscope.de\/de\/smarte-anwendungen\/leckagen-alarm\/\",\"name\":\"Leckagen-Alarm - Fioscope GmbH\",\"isPartOf\":{\"@id\":\"https:\/\/www.fioscope.de\/de\/#website\"},\"datePublished\":\"2025-01-30T16:02:33+00:00\",\"dateModified\":\"2025-04-14T06:45:40+00:00\",\"breadcrumb\":{\"@id\":\"https:\/\/www.fioscope.de\/de\/smarte-anwendungen\/leckagen-alarm\/#breadcrumb\"},\"inLanguage\":\"de\",\"potentialAction\":[{\"@type\":\"ReadAction\",\"target\":[\"https:\/\/www.fioscope.de\/de\/smarte-anwendungen\/leckagen-alarm\/\"]}]},{\"@type\":\"BreadcrumbList\",\"@id\":\"https:\/\/www.fioscope.de\/de\/smarte-anwendungen\/leckagen-alarm\/#breadcrumb\",\"itemListElement\":[{\"@type\":\"ListItem\",\"position\":1,\"name\":\"Home\",\"item\":\"https:\/\/www.fioscope.de\/de\/\"},{\"@type\":\"ListItem\",\"position\":2,\"name\":\"Smarte Anwendungen\",\"item\":\"https:\/\/www.fioscope.de\/de\/smarte-anwendungen\/\"},{\"@type\":\"ListItem\",\"position\":3,\"name\":\"Leckagen-Alarm\"}]},{\"@type\":\"WebSite\",\"@id\":\"https:\/\/www.fioscope.de\/de\/#website\",\"url\":\"https:\/\/www.fioscope.de\/de\/\",\"name\":\"Fioscope\",\"description\":\"Seeing what others don&#039;t\",\"publisher\":{\"@id\":\"https:\/\/www.fioscope.de\/de\/#organization\"},\"potentialAction\":[{\"@type\":\"SearchAction\",\"target\":{\"@type\":\"EntryPoint\",\"urlTemplate\":\"https:\/\/www.fioscope.de\/de\/?s={search_term_string}\"},\"query-input\":{\"@type\":\"PropertyValueSpecification\",\"valueRequired\":true,\"valueName\":\"search_term_string\"}}],\"inLanguage\":\"de\"},{\"@type\":\"Organization\",\"@id\":\"https:\/\/www.fioscope.de\/de\/#organization\",\"name\":\"Fioscope\",\"alternateName\":\"Fioscope\",\"url\":\"https:\/\/www.fioscope.de\/de\/\",\"logo\":{\"@type\":\"ImageObject\",\"inLanguage\":\"de\",\"@id\":\"https:\/\/www.fioscope.de\/de\/#\/schema\/logo\/image\/\",\"url\":\"https:\/\/www.fioscope.de\/wp-content\/uploads\/2025\/01\/Logo-fisocope-RGB.svg\",\"contentUrl\":\"https:\/\/www.fioscope.de\/wp-content\/uploads\/2025\/01\/Logo-fisocope-RGB.svg\",\"width\":\"1024\",\"height\":\"1024\",\"caption\":\"Fioscope\"},\"image\":{\"@id\":\"https:\/\/www.fioscope.de\/de\/#\/schema\/logo\/image\/\"},\"sameAs\":[\"https:\/\/www.linkedin.com\/company\/fioscope\/\"]}]}<\/script>\n<!-- \/ Yoast SEO plugin. -->","yoast_head_json":{"title":"Leckagen-Alarm - Fioscope GmbH","robots":{"index":"index","follow":"follow","max-snippet":"max-snippet:-1","max-image-preview":"max-image-preview:large","max-video-preview":"max-video-preview:-1"},"canonical":"https:\/\/www.fioscope.de\/de\/smarte-anwendungen\/leckagen-alarm\/","og_locale":"de_DE","og_type":"article","og_title":"Leckagen-Alarm - Fioscope GmbH","og_description":"[vc_row type=&#8220;full_width_background&#8220; full_screen_row_position=&#8220;middle&#8220; column_margin=&#8220;5px&#8220; column_direction=&#8220;default&#8220; column_direction_tablet=&#8220;default&#8220; column_direction_phone=&#8220;default&#8220; bg_color=&#8220;#003560&#8243; scene_position=&#8220;center&#8220; top_padding=&#8220;6%&#8220; constrain_group_1=&#8220;yes&#8220; bottom_padding=&#8220;6%&#8220; text_color=&#8220;light&#8220; text_align=&#8220;left&#8220; row_border_radius=&#8220;none&#8220; row_border_radius_applies=&#8220;bg&#8220; overflow=&#8220;visible&#8220; overlay_strength=&#8220;0.3&#8243; gradient_direction=&#8220;left_to_right&#8220; shape_divider_position=&#8220;bottom&#8220; bg_image_animation=&#8220;none&#8220; gradient_type=&#8220;default&#8220; shape_type=&#8220;&#8220;][vc_column column_padding=&#8220;no-extra-padding&#8220; column_padding_tablet=&#8220;inherit&#8220; column_padding_phone=&#8220;inherit&#8220; column_padding_position=&#8220;all&#8220; column_element_direction_desktop=&#8220;default&#8220; column_element_spacing=&#8220;default&#8220; desktop_text_alignment=&#8220;default&#8220;...","og_url":"https:\/\/www.fioscope.de\/de\/smarte-anwendungen\/leckagen-alarm\/","og_site_name":"Fioscope GmbH","article_modified_time":"2025-04-14T06:45:40+00:00","twitter_card":"summary_large_image","twitter_misc":{"Gesch\u00e4tzte Lesezeit":"1\u00a0Minute"},"schema":{"@context":"https:\/\/schema.org","@graph":[{"@type":"WebPage","@id":"https:\/\/www.fioscope.de\/de\/smarte-anwendungen\/leckagen-alarm\/","url":"https:\/\/www.fioscope.de\/de\/smarte-anwendungen\/leckagen-alarm\/","name":"Leckagen-Alarm - Fioscope GmbH","isPartOf":{"@id":"https:\/\/www.fioscope.de\/de\/#website"},"datePublished":"2025-01-30T16:02:33+00:00","dateModified":"2025-04-14T06:45:40+00:00","breadcrumb":{"@id":"https:\/\/www.fioscope.de\/de\/smarte-anwendungen\/leckagen-alarm\/#breadcrumb"},"inLanguage":"de","potentialAction":[{"@type":"ReadAction","target":["https:\/\/www.fioscope.de\/de\/smarte-anwendungen\/leckagen-alarm\/"]}]},{"@type":"BreadcrumbList","@id":"https:\/\/www.fioscope.de\/de\/smarte-anwendungen\/leckagen-alarm\/#breadcrumb","itemListElement":[{"@type":"ListItem","position":1,"name":"Home","item":"https:\/\/www.fioscope.de\/de\/"},{"@type":"ListItem","position":2,"name":"Smarte Anwendungen","item":"https:\/\/www.fioscope.de\/de\/smarte-anwendungen\/"},{"@type":"ListItem","position":3,"name":"Leckagen-Alarm"}]},{"@type":"WebSite","@id":"https:\/\/www.fioscope.de\/de\/#website","url":"https:\/\/www.fioscope.de\/de\/","name":"Fioscope","description":"Seeing what others don&#039;t","publisher":{"@id":"https:\/\/www.fioscope.de\/de\/#organization"},"potentialAction":[{"@type":"SearchAction","target":{"@type":"EntryPoint","urlTemplate":"https:\/\/www.fioscope.de\/de\/?s={search_term_string}"},"query-input":{"@type":"PropertyValueSpecification","valueRequired":true,"valueName":"search_term_string"}}],"inLanguage":"de"},{"@type":"Organization","@id":"https:\/\/www.fioscope.de\/de\/#organization","name":"Fioscope","alternateName":"Fioscope","url":"https:\/\/www.fioscope.de\/de\/","logo":{"@type":"ImageObject","inLanguage":"de","@id":"https:\/\/www.fioscope.de\/de\/#\/schema\/logo\/image\/","url":"https:\/\/www.fioscope.de\/wp-content\/uploads\/2025\/01\/Logo-fisocope-RGB.svg","contentUrl":"https:\/\/www.fioscope.de\/wp-content\/uploads\/2025\/01\/Logo-fisocope-RGB.svg","width":"1024","height":"1024","caption":"Fioscope"},"image":{"@id":"https:\/\/www.fioscope.de\/de\/#\/schema\/logo\/image\/"},"sameAs":["https:\/\/www.linkedin.com\/company\/fioscope\/"]}]}},"_links":{"self":[{"href":"https:\/\/www.fioscope.de\/de\/wp-json\/wp\/v2\/pages\/502","targetHints":{"allow":["GET"]}}],"collection":[{"href":"https:\/\/www.fioscope.de\/de\/wp-json\/wp\/v2\/pages"}],"about":[{"href":"https:\/\/www.fioscope.de\/de\/wp-json\/wp\/v2\/types\/page"}],"author":[{"embeddable":true,"href":"https:\/\/www.fioscope.de\/de\/wp-json\/wp\/v2\/users\/3"}],"replies":[{"embeddable":true,"href":"https:\/\/www.fioscope.de\/de\/wp-json\/wp\/v2\/comments?post=502"}],"version-history":[{"count":10,"href":"https:\/\/www.fioscope.de\/de\/wp-json\/wp\/v2\/pages\/502\/revisions"}],"predecessor-version":[{"id":704,"href":"https:\/\/www.fioscope.de\/de\/wp-json\/wp\/v2\/pages\/502\/revisions\/704"}],"up":[{"embeddable":true,"href":"https:\/\/www.fioscope.de\/de\/wp-json\/wp\/v2\/pages\/514"}],"wp:attachment":[{"href":"https:\/\/www.fioscope.de\/de\/wp-json\/wp\/v2\/media?parent=502"}],"curies":[{"name":"wp","href":"https:\/\/api.w.org\/{rel}","templated":true}]}}